{"id":115,"date":"2014-05-08T13:44:03","date_gmt":"2014-05-08T13:44:03","guid":{"rendered":"http:\/\/localhost\/wordpress\/?page_id=115"},"modified":"2024-12-24T19:43:01","modified_gmt":"2024-12-24T18:43:01","slug":"como-hacerse-socio","status":"publish","type":"page","link":"https:\/\/www.clubpical.es\/?page_id=115","title":{"rendered":"\u00bfComo hacerse socio?"},"content":{"rendered":"<p style=\"text-align: justify;\">Para poder acudir al circuito, debes inscribirte como socio en PICAL.\u00a0Te sentir\u00e1s orgulloso de pertenecer a PICAL y encontrar\u00e1s amigos dispuestos a ayudarte y disfrutar contigo de este bonito deporte. Adem\u00e1s, nuestro club es muy din\u00e1mico y encontrar\u00e1s coches de multitud de modalidades y superficies: touring el\u00e9ctrico, F1, Mini, 1\/8 pista gas, 1\/10 pista gas, 1\/8tt gas, 1\/10tt gas,\u00a01\/8tt el\u00e9ctrico, 1\/10tt el\u00e9ctrico, Monster Truck gas y el\u00e9ctrico, Crawler, 1\/24tt el\u00e9ctrico Short Course Truck,&#8230;\u00a0tenemos de todo.<\/p>\n<p style=\"text-align: justify;\">Podr\u00e1s tener la oportunidad de colaborar en la organizaci\u00f3n de pruebas de relevancia, como campeonatos Regionales, Nacionales, etc. En PICAL una de las m\u00e1ximas es la buena organizaci\u00f3n de las carreras con un despliegue de medios acorde a nuestras excelentes instalaciones.<\/p>\n<p style=\"text-align: justify;\">\u00bfEl precio para poder disfrutar de todo esto?\u00a0<strong>15\u20ac mensuales y para los menores de 17 a\u00f1os, 5\u20ac mensuales.\u00a0<\/strong>Los pagos est\u00e1n domiciliados y son trimestrales. No hay cuota de inscripci\u00f3n, pero si una fianza de 7\u20ac, que se devuelve en caso de baja tramitada correctamente.<\/p>\n<p style=\"text-align: justify;\"><strong>Para inscribirse como socio abonado<\/strong> existen dos opciones:<\/p>\n<p style=\"text-align: justify;\"><strong>1.-Por internet:<\/strong><\/p>\n<ul style=\"text-align: justify;\">\n<li>Descargarse la hoja de inscripcion de\u00a0<strong><a href=\"http:\/\/www.clubpical.es\/wp-content\/uploads\/2024\/12\/Solicitud_de_Ingreso_al_Club_PICAL.pdf\" target=\"_blank\" rel=\"noopener noreferrer\">aqu\u00ed<\/a><\/strong> (si no sale, dale click derecho y selecciona \u00ababrir en una nueva ventana\u00bb) y rell\u00e9nala. No hacer caso al numero de cuenta que sale en la hoja.<\/li>\n<li>Haz el pago correspondiente (ver m\u00e1s abajo \u00abprimer pago\u00bb) en la cuenta de <strong>Caja Rural de Zamora ES77 3085 0100 1426 4147 2713<\/strong><\/li>\n<li>Env\u00eda la hoja de inscripci\u00f3n\u00a0 a <a href=\"mailto:clubpical@gmail.com\" target=\"_blank\" rel=\"nofollow noopener noreferrer\">clubpical@gmail.com<\/a> . En el correo pon el d\u00eda que hiciste el pago.<\/li>\n<li>Cuando te respondamos, te diremos cu\u00e1ndo puedes pasarte a por la llave y los carn\u00e9s (normalmente en fin de semana).<\/li>\n<\/ul>\n<p style=\"text-align: justify;\"><strong>2.- En el circuito:<\/strong><\/p>\n<ul style=\"text-align: justify;\">\n<li>Ac\u00e9rcate al circuito a por una hoja de inscripci\u00f3n o impr\u00edmela t\u00fa mismo y la rellenas (a mano o en ordenador). Necesitas poner una foto tuya de calidad.<\/li>\n<li>Haz el pago correspondiente (ver m\u00e1s abajo \u00abprimer pago\u00bb) en la cuenta ES77 3085 0100 1426 4147 2713<\/li>\n<li>Lleva la hoja de inscripci\u00f3n y el comprobante de pago al circuito, preguntas por alguien de la Directiva y la entregas. Te dar\u00e1 la llave y te dir\u00e1 cu\u00e1ndo puedes pasarte a por los carn\u00e9s.<\/li>\n<\/ul>\n<p style=\"text-align: justify;\">Cuando firmas la hoja de inscripci\u00f3n est\u00e1s aceptando los <a href=\"http:\/\/www.clubpical.es\/wp-content\/uploads\/2019\/02\/Estatutos-club-PICAL-2012.pdf\" target=\"_blank\" rel=\"noopener noreferrer\">Estatutos<\/a> y <a href=\"http:\/\/www.clubpical.es\/wp-content\/uploads\/2019\/03\/Reglamento-Interno-2019.pdf\" target=\"_blank\" rel=\"noopener noreferrer\">Reglamento Interno 2019<\/a>. Adem\u00e1s en a\u00f1o electoral, el reglamento a seguir para escoger Presidente, ser\u00e1 el siguiente <a href=\"http:\/\/www.clubpical.es\/wp-content\/uploads\/2019\/03\/Reglamento-Electoral.pdf\" target=\"_blank\" rel=\"noopener noreferrer\">Reglamento Electoral<\/a>.<\/p>\n<p style=\"text-align: justify;\"><strong>\u00bfC\u00f3mo hacer el primer pago?<\/strong><\/p>\n<p style=\"text-align: justify;\">Como las cuotas se cobran por trimestre, en la cuenta debes ingresar lo que reste del mismo. Despu\u00e9s los cobros ser\u00e1n domiciliados al inicio de cada trimestre.<\/p>\n<p style=\"text-align: justify;\">Ejemplo 1: Estamos en el mes XXXXX, antes del d\u00eda 15. Entonces tienes que pagar la cuota del mes XXXXX y los meses que falten para acabar el trimestre mas la fianza.<\/p>\n<p style=\"text-align: justify;\">Ejemplo 2: Estamos en el mes XXXXX, despu\u00e9s del d\u00eda 15. No pagas la cuota del mes XXXXX, tan solo los meses que falten para terminar el trimestre, mas la fianza.<\/p>\n<p style=\"text-align: justify;\">Ejemplo 3: Estamos en el \u00faltimo mes del trimestre, despu\u00e9s del d\u00eda 15. Pues pagas el siguiente trimestre completo, mas la fianza.<\/p>\n<p style=\"text-align: justify;\">\n","protected":false},"excerpt":{"rendered":"<p>Para poder acudir al circuito, debes inscribirte como socio en PICAL.\u00a0Te sentir\u00e1s orgulloso de pertenecer a PICAL y encontrar\u00e1s amigos dispuestos a ayudarte y disfrutar contigo de este bonito deporte. Adem\u00e1s, nuestro club es muy din\u00e1mico y encontrar\u00e1s coches de&#8230;<br \/><a class=\"read-more-button\" href=\"https:\/\/www.clubpical.es\/?page_id=115\">Leer m\u00e1s<\/a><\/p>\n","protected":false},"author":13,"featured_media":0,"parent":117,"menu_order":0,"comment_status":"closed","ping_status":"closed","template":"","meta":{"footnotes":""},"class_list":["post-115","page","type-page","status-publish","hentry"],"_links":{"self":[{"href":"https:\/\/www.clubpical.es\/index.php?rest_route=\/wp\/v2\/pages\/115","targetHints":{"allow":["GET"]}}],"collection":[{"href":"https:\/\/www.clubpical.es\/index.php?rest_route=\/wp\/v2\/pages"}],"about":[{"href":"https:\/\/www.clubpical.es\/index.php?rest_route=\/wp\/v2\/types\/page"}],"author":[{"embeddable":true,"href":"https:\/\/www.clubpical.es\/index.php?rest_route=\/wp\/v2\/users\/13"}],"replies":[{"embeddable":true,"href":"https:\/\/www.clubpical.es\/index.php?rest_route=%2Fwp%2Fv2%2Fcomments&post=115"}],"version-history":[{"count":0,"href":"https:\/\/www.clubpical.es\/index.php?rest_route=\/wp\/v2\/pages\/115\/revisions"}],"up":[{"embeddable":true,"href":"https:\/\/www.clubpical.es\/index.php?rest_route=\/wp\/v2\/pages\/117"}],"wp:attachment":[{"href":"https:\/\/www.clubpical.es\/index.php?rest_route=%2Fwp%2Fv2%2Fmedia&parent=115"}],"curies":[{"name":"wp","href":"https:\/\/api.w.org\/{rel}","templated":true}]}}