{"id":1654,"date":"2020-07-01T21:06:34","date_gmt":"2020-07-01T20:06:34","guid":{"rendered":"http:\/\/www.clubpical.es\/?page_id=1654"},"modified":"2020-07-01T21:06:46","modified_gmt":"2020-07-01T20:06:46","slug":"normas-de-higiente-obligatorias-resumidas","status":"publish","type":"page","link":"https:\/\/www.clubpical.es\/?page_id=1654","title":{"rendered":"Normas de higiente obligatorias"},"content":{"rendered":"\n<div class=\"wp-block-file\"><a href=\"http:\/\/www.clubpical.es\/wp-content\/uploads\/2020\/07\/Correos-electr\u00f3nicos-Informe-Apertura-pista-de-Automodelismo.pdf\"> Dispones del documento completo, aprobado por el Ayuntamiento de Arroyo  de la Encomienda y por AECAR, pinchando en el siguiente bot\u00f3n  <br><\/a><a href=\"http:\/\/www.clubpical.es\/wp-content\/uploads\/2020\/07\/Correos-electr\u00f3nicos-Informe-Apertura-pista-de-Automodelismo.pdf\" class=\"wp-block-file__button\" download>Descarga<\/a><\/div>\n\n\n\n<p> Aplicado a nuestras instalaciones, dipones del texto que puedes ver a continuaci\u00f3n:<\/p>\n\n\n\n<p><strong>Instalaciones en General <\/strong><\/p>\n\n\n\n<ul class=\"wp-block-list\"><li> Obligatorio el uso de mascarilla, tapando nariz y boca. En caso de  llevar v\u00e1lvula, deber\u00e1 ponerse adicionalmente una mascarilla de tipo  quir\u00fargico por encima.<\/li><li>Habr\u00e1 dosificadores de gel hidroalcoh\u00f3lico, pero el asistente deber\u00e1 disponer de ello y usar el propio.<\/li><li>Cualquier asistente con s\u00edntomas de COVID-19 (tos, fiebre, cansancio  severo, sensaci\u00f3n de mareo, erupciones cut\u00e1neas,  dolor  de cabeza  recurrente, perdida de gusto y olfato o malestar  general), no podr\u00e1  acudir al evento y la organizaci\u00f3n puede no  permitirle la entrada. <\/li><li>Se podr\u00e1 tomar la temperatura a cualquier piloto, mec\u00e1nico o acompa\u00f1ante.<\/li><li>En las zonas de agolpamiento de asistentes se respetar\u00e1 una distancia m\u00ednima de 1 metro, formando  fila y guardando turno.<\/li><li>Todos los residuos deber\u00e1n depositarse en los contenedores o cubos de basura con bolsa. <\/li><\/ul>\n\n\n\n<p><strong>Zona de Mesas<\/strong><\/p>\n\n\n\n<ul class=\"wp-block-list\"><li>Se procurar\u00e1 utilizar una mesa por asistente y evitar el contacto con los dem\u00e1s.<\/li><li>El asistente deber\u00e1 limpiar su mesa, tendr\u00e1 a disposici\u00f3n soluci\u00f3n desinfectante de agua con lej\u00eda en un atomizador.<\/li><li>Ser\u00e1 obligatorio desinfectar el material que se comparta.<\/li><li>No se permite fumar en la zona de mesas, debe alejarse lo m\u00e1ximo para evitar que llegue humo y las colillas no se pueden arrojar al suelo (son res\u00edduos CON PELIGRO DE ALTO CONTAGIO), deben asegurar que est\u00e1n apagadas y despu\u00e9s se pueden desechar en las papeleras con bolsa o contenedor.<\/li><li>No se permiten los vapeadores, debe alejarse lo m\u00e1ximo para que el vapor expulsado no llegue a los dem\u00e1s.<\/li><li>En caso de utilizarse silla, deber\u00e1 limpiarse antes y despu\u00e9s de su uso mediante soluci\u00f3n desinfectante (agua con lej\u00eda).<\/li><\/ul>\n\n\n\n<p><strong>Zona de pilotaje y carril de boxes<\/strong><\/p>\n\n\n\n<ul class=\"wp-block-list\"><li>Se respetar\u00e1n los puestos marcados en el p\u00f3dium.<\/li><li>En la zona de boxes s\u00f3lo se permitir\u00e1 un ayudante por piloto.<\/li><li>La escalera s\u00f3lo puede utilizarse para subir o para bajar, no pueden cruzarse un piloto subiendo y el otro bajando.<\/li><li>Deber\u00e1 evitarse el contacto con la barandilla y de ser as\u00ed, el piloto se desinfectar\u00e1 las manos con gel hidroalcoh\u00f3lico y aplicar\u00e1 soluci\u00f3n desinfectante (mezcla de agua con lej\u00eda) mediante el atomizador.<\/li><li>En el p\u00f3dium, se evitar\u00e1 el contacto con la barandilla y se limpiar\u00e1 peri\u00f3dicamente por los propios pilotos con soluci\u00f3n desinfectante y trapo para secarlo.<\/li><\/ul>\n\n\n\n<p> <strong>Zona de Limpieza y Torneado<\/strong><\/p>\n\n\n\n<ul class=\"wp-block-list\"><li> Debe guardarse fila manteniendo la distancia m\u00ednima de 1 metro. <\/li><li> Se evitar\u00e1n las proyecciones hacia los dem\u00e1s al soplar o limpiar.<\/li><li>Se limpiar\u00e1 la pistola con soluci\u00f3n desinfectante mediante atomizador, as\u00ed como la zona en la que se apoya el coche, tras el uso.<\/li><\/ul>\n\n\n\n<p><strong>Zona de Servicios Sanitarios (WC)<\/strong><\/p>\n\n\n\n<ul class=\"wp-block-list\"><li>Debe entrar con las manos reci\u00e9n desinfectadas (con gel hidroalcoh\u00f3lico), hacer uso del ba\u00f1o, limpiar lo que haya utilizado con soluci\u00f3n desinfectante, secarlo y lavarse bien las manos despu\u00e9s, utilizando papel secamanos y asegurando que se desecha en el cubo de basura para tal efecto.<\/li><li>Solo puede entrar una persona de cada vez en el ba\u00f1o.<\/li><\/ul>\n","protected":false},"excerpt":{"rendered":"<p>Aplicado a nuestras instalaciones, dipones del texto que puedes ver a continuaci\u00f3n: Instalaciones en General Obligatorio el uso de mascarilla, tapando nariz y boca. En caso de llevar v\u00e1lvula, deber\u00e1 ponerse adicionalmente una mascarilla de tipo quir\u00fargico por encima. Habr\u00e1&#8230;<br \/><a class=\"read-more-button\" href=\"https:\/\/www.clubpical.es\/?page_id=1654\">Leer m\u00e1s<\/a><\/p>\n","protected":false},"author":11,"featured_media":0,"parent":0,"menu_order":0,"comment_status":"closed","ping_status":"closed","template":"","meta":{"footnotes":""},"class_list":["post-1654","page","type-page","status-publish","hentry"],"_links":{"self":[{"href":"https:\/\/www.clubpical.es\/index.php?rest_route=\/wp\/v2\/pages\/1654","targetHints":{"allow":["GET"]}}],"collection":[{"href":"https:\/\/www.clubpical.es\/index.php?rest_route=\/wp\/v2\/pages"}],"about":[{"href":"https:\/\/www.clubpical.es\/index.php?rest_route=\/wp\/v2\/types\/page"}],"author":[{"embeddable":true,"href":"https:\/\/www.clubpical.es\/index.php?rest_route=\/wp\/v2\/users\/11"}],"replies":[{"embeddable":true,"href":"https:\/\/www.clubpical.es\/index.php?rest_route=%2Fwp%2Fv2%2Fcomments&post=1654"}],"version-history":[{"count":0,"href":"https:\/\/www.clubpical.es\/index.php?rest_route=\/wp\/v2\/pages\/1654\/revisions"}],"wp:attachment":[{"href":"https:\/\/www.clubpical.es\/index.php?rest_route=%2Fwp%2Fv2%2Fmedia&parent=1654"}],"curies":[{"name":"wp","href":"https:\/\/api.w.org\/{rel}","templated":true}]}}