{"id":571,"date":"2015-02-20T13:31:22","date_gmt":"2015-02-20T13:31:22","guid":{"rendered":"http:\/\/clubpical.es\/?page_id=571"},"modified":"2021-10-10T21:36:57","modified_gmt":"2021-10-10T20:36:57","slug":"formula-110","status":"publish","type":"page","link":"https:\/\/www.clubpical.es\/?page_id=571","title":{"rendered":"1\/10 F\u00f3rmula 1 El\u00e9ctrico"},"content":{"rendered":"<div>Ten\u00e9is disponibles para consultar en PDF el reglamento de Pista El\u00e9ctrico, donde se incluyen las normas para F1 El\u00e9ctrico 1\/10:<\/div>\n<div><a href=\"http:\/\/www.clubpical.es\/wp-content\/uploads\/2021\/03\/PE_PICAL_2021.pdf\" target=\"_blank\" rel=\"noopener noreferrer\">Reglamento Pista El\u00e9ctricos 2021<\/a><\/div>\n<div>\u00a0<\/div>\n<div>A modo de extracto resumido, en F1 corremos de la siguiente forma:<\/div>\n<ul>\n<li>Coche de F1 190mm con suspensi\u00f3n delantera kingpin y tracci\u00f3n trasera.<\/li>\n<li>Rueda de goma tipo F1, libre y sin l\u00edmite de juegos.<\/li>\n<li>Motor Justock 21.5T G2.1 y G2.<\/li>\n<li>Variador Zero Timing o cualquiera en modo blinky.<\/li>\n<li>Clasificatorias a 5 minutos y finales a 10 minutos, por puntos.<\/li>\n<\/ul>\n<div>\u00a0<\/div>\n<div class=\"column\">Adem\u00e1s, una vez al a\u00f1o, realizamos un GP Nocturno de 2 horas ininterrumpidas de carrera. Si quieres saber qu\u00e9 normas tenemos para esa carrera, puedes verlo si pinchas en el siguiente enlace: <a href=\"http:\/\/www.clubpical.es\/wp-content\/uploads\/2019\/03\/guia_GP_F1_18_nocturno.pdf\" target=\"_blank\" rel=\"noopener noreferrer\">Gu\u00eda GP F1 Nocturno<\/a><\/div>\n<div>\u00a0<\/div>\n<div>Consulta las fechas entrando en nuestra p\u00e1gina de <a href=\"http:\/\/www.clubpical.es\/?page_id=136\" target=\"_blank\" rel=\"noopener noreferrer\">Calendario<\/a>.<\/div>\n<div>\u00a0<\/div>\n<div>A continuaci\u00f3n puedes ver la clasificaci\u00f3n del campeonato PICAL 2021 para F\u00f3rmula 1.<\/div>\n\n\n<figure class=\"wp-block-image size-large\"><a href=\"http:\/\/www.clubpical.es\/wp-content\/uploads\/2021\/10\/2021-formula1-2.jpg\"><img loading=\"lazy\" decoding=\"async\" width=\"1024\" height=\"724\" src=\"http:\/\/www.clubpical.es\/wp-content\/uploads\/2021\/10\/2021-formula1-2-1024x724.jpg\" alt=\"\" class=\"wp-image-1815\" srcset=\"https:\/\/www.clubpical.es\/wp-content\/uploads\/2021\/10\/2021-formula1-2-1024x724.jpg 1024w, https:\/\/www.clubpical.es\/wp-content\/uploads\/2021\/10\/2021-formula1-2-300x212.jpg 300w, https:\/\/www.clubpical.es\/wp-content\/uploads\/2021\/10\/2021-formula1-2-768x543.jpg 768w, https:\/\/www.clubpical.es\/wp-content\/uploads\/2021\/10\/2021-formula1-2-334x236.jpg 334w, https:\/\/www.clubpical.es\/wp-content\/uploads\/2021\/10\/2021-formula1-2-1536x1087.jpg 1536w, https:\/\/www.clubpical.es\/wp-content\/uploads\/2021\/10\/2021-formula1-2-2048x1449.jpg 2048w, https:\/\/www.clubpical.es\/wp-content\/uploads\/2021\/10\/2021-formula1-2-1170x828.jpg 1170w\" sizes=\"auto, (max-width: 1024px) 100vw, 1024px\" \/><\/a><\/figure>\n","protected":false},"excerpt":{"rendered":"<p>Ten\u00e9is disponibles para consultar en PDF el reglamento de Pista El\u00e9ctrico, donde se incluyen las normas para F1 El\u00e9ctrico 1\/10: Reglamento Pista El\u00e9ctricos 2021 \u00a0 A modo de extracto resumido, en F1 corremos de la siguiente forma: Coche de F1&#8230;<br \/><a class=\"read-more-button\" href=\"https:\/\/www.clubpical.es\/?page_id=571\">Leer m\u00e1s<\/a><\/p>\n","protected":false},"author":9,"featured_media":0,"parent":0,"menu_order":0,"comment_status":"closed","ping_status":"closed","template":"","meta":{"footnotes":""},"class_list":["post-571","page","type-page","status-publish","hentry"],"_links":{"self":[{"href":"https:\/\/www.clubpical.es\/index.php?rest_route=\/wp\/v2\/pages\/571","targetHints":{"allow":["GET"]}}],"collection":[{"href":"https:\/\/www.clubpical.es\/index.php?rest_route=\/wp\/v2\/pages"}],"about":[{"href":"https:\/\/www.clubpical.es\/index.php?rest_route=\/wp\/v2\/types\/page"}],"author":[{"embeddable":true,"href":"https:\/\/www.clubpical.es\/index.php?rest_route=\/wp\/v2\/users\/9"}],"replies":[{"embeddable":true,"href":"https:\/\/www.clubpical.es\/index.php?rest_route=%2Fwp%2Fv2%2Fcomments&post=571"}],"version-history":[{"count":0,"href":"https:\/\/www.clubpical.es\/index.php?rest_route=\/wp\/v2\/pages\/571\/revisions"}],"wp:attachment":[{"href":"https:\/\/www.clubpical.es\/index.php?rest_route=%2Fwp%2Fv2%2Fmedia&parent=571"}],"curies":[{"name":"wp","href":"https:\/\/api.w.org\/{rel}","templated":true}]}}