{"id":574,"date":"2015-02-20T13:37:51","date_gmt":"2015-02-20T13:37:51","guid":{"rendered":"http:\/\/clubpical.es\/?page_id=574"},"modified":"2021-10-10T21:10:37","modified_gmt":"2021-10-10T20:10:37","slug":"touring-electrico","status":"publish","type":"page","link":"https:\/\/www.clubpical.es\/?page_id=574","title":{"rendered":"1\/10 Touring El\u00e9ctrico Modificado y Stock"},"content":{"rendered":"<div>Ten\u00e9is disponibles para consultar en PDF el reglamento de Pista El\u00e9ctrico, donde se incluyen las normas para Touring El\u00e9ctrico 1\/10 Modificado y Stock:<\/div>\n<div><a href=\"http:\/\/www.clubpical.es\/wp-content\/uploads\/2021\/03\/PE_PICAL_2021.pdf\" target=\"_blank\" rel=\"noopener noreferrer\">Reglamento Pista El\u00e9ctricos 2021<\/a><\/div>\n<div>\u00a0<\/div>\n<div>A modo de extracto resumido, en Touring Modificado corremos de la siguiente forma:<\/div>\n<ul>\n<li>Coche de Touring 1\/10 190mm con tracci\u00f3n a las 4 ruedas.<\/li>\n<li>Carrocer\u00eda tipo touring EFRA.<\/li>\n<li>Rueda de goma, libre, limitado a 1 juego.<\/li>\n<li>Motor y variador libres.<\/li>\n<li>Clasificatorias a 5 minutos y finales a 5 minutos, por puntos.<\/li>\n<\/ul>\n<div>\u00a0<\/div>\n<div>\n<div>A modo de extracto resumido, en Touring Stock corremos de la siguiente forma:<\/div>\n<ul>\n<li>Coche de Touring 1\/10 190mm con tracci\u00f3n a las 4 ruedas.<\/li>\n<li>Carrocer\u00eda tipo touring EFRA.<\/li>\n<li>Rueda de goma, LRP VTEC G36, limitado a 1 juego.<\/li>\n<li>Variador Hobbywing Justock con firmware limitado a 20k, motor Hobbywing Justock 13.5T G2.1 con ratio final 4.<\/li>\n<li>Clasificatorias a 5 minutos y finales a 5 minutos, por puntos.<\/li>\n<\/ul>\n<\/div>\n<div>\u00a0<\/div>\n<div class=\"column\">Adem\u00e1s, una vez al a\u00f1o, realizamos la Noctouring para Touring Modificado, una carrera nocturna con las mismas normas que el campeonato.<\/div>\n<div>\u00a0<\/div>\n<div>Consulta las fechas entrando en nuestra p\u00e1gina de <a href=\"http:\/\/www.clubpical.es\/?page_id=136\" target=\"_blank\" rel=\"noopener noreferrer\">Calendario 2021<\/a>.<\/div>\n<div>\u00a0<\/div>\n<div>A continuaci\u00f3n puedes ver las clasificaciones generales para Touring Modificado y Touring Stock de 2021.<\/div>\n<div>\u00a0<\/div>\n<div><a href=\"http:\/\/www.clubpical.es\/wp-content\/uploads\/2021\/10\/2021-modificado.jpg\"><img loading=\"lazy\" decoding=\"async\" class=\"alignnone size-full wp-image-1800\" src=\"http:\/\/www.clubpical.es\/wp-content\/uploads\/2021\/10\/2021-modificado.jpg\" alt=\"\" width=\"2338\" height=\"1654\" srcset=\"https:\/\/www.clubpical.es\/wp-content\/uploads\/2021\/10\/2021-modificado.jpg 2338w, https:\/\/www.clubpical.es\/wp-content\/uploads\/2021\/10\/2021-modificado-300x212.jpg 300w, https:\/\/www.clubpical.es\/wp-content\/uploads\/2021\/10\/2021-modificado-1024x724.jpg 1024w, https:\/\/www.clubpical.es\/wp-content\/uploads\/2021\/10\/2021-modificado-768x543.jpg 768w, https:\/\/www.clubpical.es\/wp-content\/uploads\/2021\/10\/2021-modificado-334x236.jpg 334w, https:\/\/www.clubpical.es\/wp-content\/uploads\/2021\/10\/2021-modificado-1536x1087.jpg 1536w, https:\/\/www.clubpical.es\/wp-content\/uploads\/2021\/10\/2021-modificado-2048x1449.jpg 2048w, https:\/\/www.clubpical.es\/wp-content\/uploads\/2021\/10\/2021-modificado-1170x828.jpg 1170w\" sizes=\"auto, (max-width: 2338px) 100vw, 2338px\" \/><\/a><\/div>\n\n\n<figure class=\"wp-block-image size-large\"><a href=\"http:\/\/www.clubpical.es\/wp-content\/uploads\/2021\/10\/2021-stock.jpg\"><img loading=\"lazy\" decoding=\"async\" width=\"1024\" height=\"724\" src=\"http:\/\/www.clubpical.es\/wp-content\/uploads\/2021\/10\/2021-stock-1024x724.jpg\" alt=\"\" class=\"wp-image-1801\" srcset=\"https:\/\/www.clubpical.es\/wp-content\/uploads\/2021\/10\/2021-stock-1024x724.jpg 1024w, https:\/\/www.clubpical.es\/wp-content\/uploads\/2021\/10\/2021-stock-300x212.jpg 300w, https:\/\/www.clubpical.es\/wp-content\/uploads\/2021\/10\/2021-stock-768x543.jpg 768w, https:\/\/www.clubpical.es\/wp-content\/uploads\/2021\/10\/2021-stock-334x236.jpg 334w, https:\/\/www.clubpical.es\/wp-content\/uploads\/2021\/10\/2021-stock-1536x1087.jpg 1536w, https:\/\/www.clubpical.es\/wp-content\/uploads\/2021\/10\/2021-stock-2048x1449.jpg 2048w, https:\/\/www.clubpical.es\/wp-content\/uploads\/2021\/10\/2021-stock-1170x828.jpg 1170w\" sizes=\"auto, (max-width: 1024px) 100vw, 1024px\" \/><\/a><\/figure>\n","protected":false},"excerpt":{"rendered":"<p>Ten\u00e9is disponibles para consultar en PDF el reglamento de Pista El\u00e9ctrico, donde se incluyen las normas para Touring El\u00e9ctrico 1\/10 Modificado y Stock: Reglamento Pista El\u00e9ctricos 2021 \u00a0 A modo de extracto resumido, en Touring Modificado corremos de la siguiente&#8230;<br \/><a class=\"read-more-button\" href=\"https:\/\/www.clubpical.es\/?page_id=574\">Leer m\u00e1s<\/a><\/p>\n","protected":false},"author":189,"featured_media":0,"parent":0,"menu_order":0,"comment_status":"closed","ping_status":"closed","template":"","meta":{"footnotes":""},"class_list":["post-574","page","type-page","status-publish","hentry"],"_links":{"self":[{"href":"https:\/\/www.clubpical.es\/index.php?rest_route=\/wp\/v2\/pages\/574","targetHints":{"allow":["GET"]}}],"collection":[{"href":"https:\/\/www.clubpical.es\/index.php?rest_route=\/wp\/v2\/pages"}],"about":[{"href":"https:\/\/www.clubpical.es\/index.php?rest_route=\/wp\/v2\/types\/page"}],"author":[{"embeddable":true,"href":"https:\/\/www.clubpical.es\/index.php?rest_route=\/wp\/v2\/users\/189"}],"replies":[{"embeddable":true,"href":"https:\/\/www.clubpical.es\/index.php?rest_route=%2Fwp%2Fv2%2Fcomments&post=574"}],"version-history":[{"count":0,"href":"https:\/\/www.clubpical.es\/index.php?rest_route=\/wp\/v2\/pages\/574\/revisions"}],"wp:attachment":[{"href":"https:\/\/www.clubpical.es\/index.php?rest_route=%2Fwp%2Fv2%2Fmedia&parent=574"}],"curies":[{"name":"wp","href":"https:\/\/api.w.org\/{rel}","templated":true}]}}